{"id":4437,"date":"2023-12-17T01:53:58","date_gmt":"2023-12-17T04:53:58","guid":{"rendered":"https:\/\/liteleds.com\/produto\/minisol-s-80-w\/"},"modified":"2025-11-21T11:46:39","modified_gmt":"2025-11-21T14:46:39","slug":"minisol-s-80-w","status":"publish","type":"product","link":"https:\/\/www.liteleds.com\/es\/produto\/minisol-s-80-w\/","title":{"rendered":"Minisol S \u2013 80 W"},"content":{"rendered":"<h4 style=\"text-align: center;\">CONFORT, SEGURIDAD Y CALIDAD<\/h4>\n<p style=\"text-align: center;\">Las luminarias p\u00fablicas viales garantizan confort, seguridad y calidad est\u00e9tica en las v\u00edas donde se instalar\u00e1n. Con un dise\u00f1o innovador y la mayor eficiencia de Liteleds, reducen el consumo de energ\u00eda y los gastos de mantenimiento.<\/p>\n<p style=\"text-align: center;\">Adem\u00e1s de estar listas para la Telegesti\u00f3n, posibilitando una iluminaci\u00f3n m\u00e1s inteligente y eficiente.<\/p>\n\t\t<div data-elementor-type=\"section\" data-elementor-id=\"2988\" class=\"elementor elementor-2988 elementor-1773\" data-elementor-post-type=\"elementor_library\">\n\t\t\t<div class=\"elementor-element elementor-element-5b150c7 e-flex e-con-boxed e-con e-parent\" data-id=\"5b150c7\" data-element_type=\"container\">\n\t\t\t\t\t<div class=\"e-con-inner\">\n\t\t\t\t<div class=\"elementor-element elementor-element-59c2aa3 elementor-widget__width-inherit elementor-widget elementor-widget-heading\" data-id=\"59c2aa3\" data-element_type=\"widget\" data-widget_type=\"heading.default\">\n\t\t\t\t\t<h2 class=\"elementor-heading-title elementor-size-default\">Aplicaciones:<\/h2>\t\t\t\t<\/div>\n\t\t<div class=\"elementor-element elementor-element-90fceb0 e-con-full aplicacoes e-flex e-con e-child\" data-id=\"90fceb0\" data-element_type=\"container\">\n\t\t<div class=\"elementor-element elementor-element-029d402 e-con-full e-flex e-con e-child\" data-id=\"029d402\" data-element_type=\"container\">\n\t\t\t\t<div class=\"elementor-element elementor-element-2110a94 elementor-widget__width-initial elementor-widget elementor-widget-image\" data-id=\"2110a94\" data-element_type=\"widget\" data-widget_type=\"image.default\">\n\t\t\t\t\t\t\t\t\t\t\t\t\t\t\t<img decoding=\"async\" width=\"105\" height=\"51\" src=\"https:\/\/www.liteleds.com\/wp-content\/uploads\/2025\/10\/Group-1597882494-e1760981842839.png\" class=\"attachment-full size-full wp-image-5021\" alt=\"\" \/>\t\t\t\t\t\t\t\t\t\t\t\t\t\t\t<\/div>\n\t\t\t\t<div class=\"elementor-element elementor-element-e07ccd8 texto-aplicacoes elementor-widget elementor-widget-heading\" data-id=\"e07ccd8\" data-element_type=\"widget\" data-widget_type=\"heading.default\">\n\t\t\t\t\t<p class=\"elementor-heading-title elementor-size-default\">V\u00cdAS P\u00daBLICAS\n<\/p>\t\t\t\t<\/div>\n\t\t\t\t<\/div>\n\t\t<div class=\"elementor-element elementor-element-2e097c4 e-con-full e-flex e-con e-child\" data-id=\"2e097c4\" data-element_type=\"container\">\n\t\t\t\t<div class=\"elementor-element elementor-element-ae2cc2d elementor-widget__width-initial elementor-widget elementor-widget-image\" data-id=\"ae2cc2d\" data-element_type=\"widget\" data-widget_type=\"image.default\">\n\t\t\t\t\t\t\t\t\t\t\t\t\t\t\t<img decoding=\"async\" width=\"149\" height=\"51\" src=\"https:\/\/www.liteleds.com\/wp-content\/uploads\/2025\/10\/Group-1597882496-e1760981891365.png\" class=\"attachment-full size-full wp-image-5023\" alt=\"\" \/>\t\t\t\t\t\t\t\t\t\t\t\t\t\t\t<\/div>\n\t\t\t\t<div class=\"elementor-element elementor-element-6cc167d texto-aplicacoes elementor-widget elementor-widget-heading\" data-id=\"6cc167d\" data-element_type=\"widget\" data-widget_type=\"heading.default\">\n\t\t\t\t\t<p class=\"elementor-heading-title elementor-size-default\">parques y plazas<\/p>\t\t\t\t<\/div>\n\t\t\t\t<\/div>\n\t\t<div class=\"elementor-element elementor-element-fcd3019 e-con-full e-flex e-con e-child\" data-id=\"fcd3019\" data-element_type=\"container\">\n\t\t\t\t<div class=\"elementor-element elementor-element-9e8b047 elementor-widget__width-initial elementor-widget elementor-widget-image\" data-id=\"9e8b047\" data-element_type=\"widget\" data-widget_type=\"image.default\">\n\t\t\t\t\t\t\t\t\t\t\t\t\t\t\t<img decoding=\"async\" width=\"151\" height=\"52\" src=\"https:\/\/www.liteleds.com\/wp-content\/uploads\/2025\/10\/Group-1597882495-e1760981930593.png\" class=\"attachment-full size-full wp-image-5025\" alt=\"\" \/>\t\t\t\t\t\t\t\t\t\t\t\t\t\t\t<\/div>\n\t\t\t\t<div class=\"elementor-element elementor-element-7045842 elementor-widget-mobile__width-initial elementor-hidden-desktop elementor-hidden-tablet texto-aplicacoes elementor-widget elementor-widget-heading\" data-id=\"7045842\" data-element_type=\"widget\" data-widget_type=\"heading.default\">\n\t\t\t\t\t<p class=\"elementor-heading-title elementor-size-default\">APARCA-<BR>\nMIENTO\n<\/p>\t\t\t\t<\/div>\n\t\t\t\t<div class=\"elementor-element elementor-element-03c6acd elementor-widget-mobile__width-initial elementor-hidden-mobile texto-aplicacoes elementor-widget elementor-widget-heading\" data-id=\"03c6acd\" data-element_type=\"widget\" data-widget_type=\"heading.default\">\n\t\t\t\t\t<p class=\"elementor-heading-title elementor-size-default\">APARCAMIENTO<\/p>\t\t\t\t<\/div>\n\t\t\t\t<\/div>\n\t\t<div class=\"elementor-element elementor-element-194a668 e-con-full e-flex e-con e-child\" data-id=\"194a668\" data-element_type=\"container\">\n\t\t\t\t<div class=\"elementor-element elementor-element-db522d3 elementor-widget__width-initial elementor-widget elementor-widget-image\" data-id=\"db522d3\" data-element_type=\"widget\" data-widget_type=\"image.default\">\n\t\t\t\t\t\t\t\t\t\t\t\t\t\t\t<img loading=\"lazy\" decoding=\"async\" width=\"110\" height=\"51\" src=\"https:\/\/www.liteleds.com\/wp-content\/uploads\/2025\/10\/Group-1597882493-e1760981957961.png\" class=\"attachment-full size-full wp-image-5027\" alt=\"\" \/>\t\t\t\t\t\t\t\t\t\t\t\t\t\t\t<\/div>\n\t\t\t\t<div class=\"elementor-element elementor-element-745f416 elementor-hidden-desktop texto-aplicacoes elementor-widget elementor-widget-heading\" data-id=\"745f416\" data-element_type=\"widget\" data-widget_type=\"heading.default\">\n\t\t\t\t\t<p class=\"elementor-heading-title elementor-size-default\">CONDOMI-<br>\nNIOS<\/p>\t\t\t\t<\/div>\n\t\t\t\t<div class=\"elementor-element elementor-element-94585e7 elementor-hidden-mobile texto-aplicacoes elementor-widget elementor-widget-heading\" data-id=\"94585e7\" data-element_type=\"widget\" data-widget_type=\"heading.default\">\n\t\t\t\t\t<p class=\"elementor-heading-title elementor-size-default\">CONDOM\u00cdNIOS<\/p>\t\t\t\t<\/div>\n\t\t\t\t<\/div>\n\t\t\t\t<\/div>\n\t\t\t\t<div class=\"elementor-element elementor-element-e69b87b elementor-widget__width-inherit elementor-hidden-mobile elementor-widget elementor-widget-button\" data-id=\"e69b87b\" data-element_type=\"widget\" data-widget_type=\"button.default\">\n\t\t\t\t\t\t\t\t\t\t<a class=\"elementor-button elementor-button-link elementor-size-sm\" href=\"\/es\/contacto\/\">\n\t\t\t\t\t\t<span class=\"elementor-button-content-wrapper\">\n\t\t\t\t\t\t\t\t\t<span class=\"elementor-button-text\">Solicitar presupuesto<\/span>\n\t\t\t\t\t<\/span>\n\t\t\t\t\t<\/a>\n\t\t\t\t\t\t\t\t<\/div>\n\t\t\t\t\t<\/div>\n\t\t\t\t<\/div>\n\t\t\t\t<\/div>\n\t\t\n<p>&nbsp;<\/p>\n","protected":false},"excerpt":{"rendered":"<p>Luminaria p\u00fablica vial con tecnolog\u00eda LED SMD con toma NEMA 7 o NEMA 3 preparada para regulaci\u00f3n de intensidad, cuerpo con tratamiento para rayos infrarrojos y ultravioleta con pintura electrost\u00e1tica anticorrosiva en color gris claro (RAL7035) y tornillos de acero inoxidable.<\/p>\n[elementor-template id=\"744\"]\n","protected":false},"featured_media":5007,"comment_status":"closed","ping_status":"closed","template":"","meta":[],"product_brand":[],"product_cat":[215],"product_tag":[],"class_list":{"0":"post-4437","1":"product","2":"type-product","3":"status-publish","4":"has-post-thumbnail","6":"product_cat-publica-y-vial","8":"first","9":"instock","10":"product-type-simple"},"_links":{"self":[{"href":"https:\/\/www.liteleds.com\/es\/wp-json\/wp\/v2\/product\/4437","targetHints":{"allow":["GET"]}}],"collection":[{"href":"https:\/\/www.liteleds.com\/es\/wp-json\/wp\/v2\/product"}],"about":[{"href":"https:\/\/www.liteleds.com\/es\/wp-json\/wp\/v2\/types\/product"}],"replies":[{"embeddable":true,"href":"https:\/\/www.liteleds.com\/es\/wp-json\/wp\/v2\/comments?post=4437"}],"wp:featuredmedia":[{"embeddable":true,"href":"https:\/\/www.liteleds.com\/es\/wp-json\/wp\/v2\/media\/5007"}],"wp:attachment":[{"href":"https:\/\/www.liteleds.com\/es\/wp-json\/wp\/v2\/media?parent=4437"}],"wp:term":[{"taxonomy":"product_brand","embeddable":true,"href":"https:\/\/www.liteleds.com\/es\/wp-json\/wp\/v2\/product_brand?post=4437"},{"taxonomy":"product_cat","embeddable":true,"href":"https:\/\/www.liteleds.com\/es\/wp-json\/wp\/v2\/product_cat?post=4437"},{"taxonomy":"product_tag","embeddable":true,"href":"https:\/\/www.liteleds.com\/es\/wp-json\/wp\/v2\/product_tag?post=4437"}],"curies":[{"name":"wp","href":"https:\/\/api.w.org\/{rel}","templated":true}]}}