{"id":4382,"date":"2024-05-27T23:37:40","date_gmt":"2024-05-28T02:37:40","guid":{"rendered":"https:\/\/liteleds.com\/produto\/slin\/"},"modified":"2025-10-19T22:41:17","modified_gmt":"2025-10-20T01:41:17","slug":"slin","status":"publish","type":"product","link":"https:\/\/www.liteleds.com\/es\/produto\/slin\/","title":{"rendered":"Slin"},"content":{"rendered":"<h4 style=\"text-align: center;\">UNA GESTI\u00d3N EFICIENTE<\/h4>\n<p style=\"text-align: center;\">El m\u00f3dulo SLIN (Smart Lighting Interface Node) de Liteleds presenta todas las funciones para una gesti\u00f3n eficiente de la iluminaci\u00f3n. El m\u00f3dulo permite la gesti\u00f3n de los activos de alumbrado p\u00fablico, el control de la vida \u00fatil de las luminarias, la detecci\u00f3n de fallas en el sistema, el monitoreo en tiempo real de par\u00e1metros el\u00e9ctricos, la regulaci\u00f3n de intensidad para luminarias LED y la automatizaci\u00f3n para una gesti\u00f3n inteligente de parques luminot\u00e9cnicos. Encapsulado en el est\u00e1ndar ANSI C.136.41, el dispositivo se instala f\u00e1cilmente en cualquier luminaria con toma NEMA 7.<\/p>\n\t\t<div data-elementor-type=\"section\" data-elementor-id=\"2980\" class=\"elementor elementor-2980 elementor-1785\" data-elementor-post-type=\"elementor_library\">\n\t\t\t<div class=\"elementor-element elementor-element-7b552d2 e-flex e-con-boxed e-con e-parent\" data-id=\"7b552d2\" data-element_type=\"container\">\n\t\t\t\t\t<div class=\"e-con-inner\">\n\t\t\t\t<div class=\"elementor-element elementor-element-af928a3 elementor-widget__width-inherit elementor-widget elementor-widget-heading\" data-id=\"af928a3\" data-element_type=\"widget\" data-widget_type=\"heading.default\">\n\t\t\t\t\t<h2 class=\"elementor-heading-title elementor-size-default\">Aplicaciones:<\/h2>\t\t\t\t<\/div>\n\t\t<div class=\"elementor-element elementor-element-0a6b330 e-con-full aplicacoes e-flex e-con e-child\" data-id=\"0a6b330\" data-element_type=\"container\">\n\t\t<div class=\"elementor-element elementor-element-6bb2384 e-con-full e-flex e-con e-child\" data-id=\"6bb2384\" data-element_type=\"container\">\n\t\t\t\t<div class=\"elementor-element elementor-element-b2b5a53 elementor-widget__width-initial elementor-widget elementor-widget-image\" data-id=\"b2b5a53\" data-element_type=\"widget\" data-widget_type=\"image.default\">\n\t\t\t\t\t\t\t\t\t\t\t\t\t\t\t<img decoding=\"async\" width=\"90\" height=\"54\" src=\"https:\/\/www.liteleds.com\/wp-content\/uploads\/2025\/10\/Group-1597882492-e1760980745475.png\" class=\"attachment-full size-full wp-image-5031\" alt=\"\" \/>\t\t\t\t\t\t\t\t\t\t\t\t\t\t\t<\/div>\n\t\t\t\t<div class=\"elementor-element elementor-element-d220d41 texto-aplicacoes elementor-widget elementor-widget-heading\" data-id=\"d220d41\" data-element_type=\"widget\" data-widget_type=\"heading.default\">\n\t\t\t\t\t<p class=\"elementor-heading-title elementor-size-default\">escritorio<\/p>\t\t\t\t<\/div>\n\t\t\t\t<\/div>\n\t\t<div class=\"elementor-element elementor-element-28d5cc9 e-con-full e-flex e-con e-child\" data-id=\"28d5cc9\" data-element_type=\"container\">\n\t\t\t\t<div class=\"elementor-element elementor-element-89ca762 elementor-widget__width-initial elementor-widget elementor-widget-image\" data-id=\"89ca762\" data-element_type=\"widget\" data-widget_type=\"image.default\">\n\t\t\t\t\t\t\t\t\t\t\t\t\t\t\t<img decoding=\"async\" width=\"81\" height=\"55\" src=\"https:\/\/www.liteleds.com\/wp-content\/uploads\/2025\/10\/Group-1597882490-1-e1760980756980.png\" class=\"attachment-full size-full wp-image-5033\" alt=\"\" \/>\t\t\t\t\t\t\t\t\t\t\t\t\t\t\t<\/div>\n\t\t\t\t<div class=\"elementor-element elementor-element-3103bd2 texto-aplicacoes elementor-widget elementor-widget-heading\" data-id=\"3103bd2\" data-element_type=\"widget\" data-widget_type=\"heading.default\">\n\t\t\t\t\t<p class=\"elementor-heading-title elementor-size-default\">negocio<\/p>\t\t\t\t<\/div>\n\t\t\t\t<\/div>\n\t\t<div class=\"elementor-element elementor-element-08cfb52 e-con-full e-flex e-con e-child\" data-id=\"08cfb52\" data-element_type=\"container\">\n\t\t\t\t<div class=\"elementor-element elementor-element-accfd21 elementor-widget__width-initial elementor-widget elementor-widget-image\" data-id=\"accfd21\" data-element_type=\"widget\" data-widget_type=\"image.default\">\n\t\t\t\t\t\t\t\t\t\t\t\t\t\t\t<img decoding=\"async\" width=\"90\" height=\"54\" src=\"https:\/\/www.liteleds.com\/wp-content\/uploads\/2025\/10\/Group-1597882489-1-e1760980765428.png\" class=\"attachment-full size-full wp-image-5035\" alt=\"\" \/>\t\t\t\t\t\t\t\t\t\t\t\t\t\t\t<\/div>\n\t\t\t\t<div class=\"elementor-element elementor-element-e0d4788 texto-aplicacoes elementor-widget elementor-widget-heading\" data-id=\"e0d4788\" data-element_type=\"widget\" data-widget_type=\"heading.default\">\n\t\t\t\t\t<p class=\"elementor-heading-title elementor-size-default\">Residencia<\/p>\t\t\t\t<\/div>\n\t\t\t\t<\/div>\n\t\t<div class=\"elementor-element elementor-element-8cfe040 e-con-full e-flex e-con e-child\" data-id=\"8cfe040\" data-element_type=\"container\">\n\t\t\t\t<div class=\"elementor-element elementor-element-2da28f9 elementor-widget__width-initial elementor-widget elementor-widget-image\" data-id=\"2da28f9\" data-element_type=\"widget\" data-widget_type=\"image.default\">\n\t\t\t\t\t\t\t\t\t\t\t\t\t\t\t<img loading=\"lazy\" decoding=\"async\" width=\"82\" height=\"52\" src=\"https:\/\/www.liteleds.com\/wp-content\/uploads\/2025\/10\/Group-1597882488-1-e1760980775119.png\" class=\"attachment-full size-full wp-image-5037\" alt=\"\" \/>\t\t\t\t\t\t\t\t\t\t\t\t\t\t\t<\/div>\n\t\t\t\t<div class=\"elementor-element elementor-element-a7a3040 texto-aplicacoes elementor-widget elementor-widget-heading\" data-id=\"a7a3040\" data-element_type=\"widget\" data-widget_type=\"heading.default\">\n\t\t\t\t\t<p class=\"elementor-heading-title elementor-size-default\">Industria<\/p>\t\t\t\t<\/div>\n\t\t\t\t<\/div>\n\t\t\t\t<\/div>\n\t\t\t\t<div class=\"elementor-element elementor-element-5a18afd elementor-widget__width-inherit elementor-hidden-mobile elementor-widget elementor-widget-button\" data-id=\"5a18afd\" data-element_type=\"widget\" data-widget_type=\"button.default\">\n\t\t\t\t\t\t\t\t\t\t<a class=\"elementor-button elementor-button-link elementor-size-sm\" href=\"\/es\/contacto\/\">\n\t\t\t\t\t\t<span class=\"elementor-button-content-wrapper\">\n\t\t\t\t\t\t\t\t\t<span class=\"elementor-button-text\">Solicitar presupuesto<\/span>\n\t\t\t\t\t<\/span>\n\t\t\t\t\t<\/a>\n\t\t\t\t\t\t\t\t<\/div>\n\t\t\t\t\t<\/div>\n\t\t\t\t<\/div>\n\t\t\t\t<\/div>\n\t\t\n","protected":false},"excerpt":{"rendered":"<p>El m\u00f3dulo SLIN (Smart Lighting Interface Node) de Liteleds presenta todas las funciones para una gesti\u00f3n eficiente de la iluminaci\u00f3n.<\/p>\n[elementor-template id=\"969\"]\n","protected":false},"featured_media":4121,"comment_status":"closed","ping_status":"closed","template":"","meta":[],"product_brand":[],"product_cat":[211],"product_tag":[],"class_list":{"0":"post-4382","1":"product","2":"type-product","3":"status-publish","4":"has-post-thumbnail","6":"product_cat-telegestion","8":"first","9":"instock","10":"product-type-simple"},"_links":{"self":[{"href":"https:\/\/www.liteleds.com\/es\/wp-json\/wp\/v2\/product\/4382","targetHints":{"allow":["GET"]}}],"collection":[{"href":"https:\/\/www.liteleds.com\/es\/wp-json\/wp\/v2\/product"}],"about":[{"href":"https:\/\/www.liteleds.com\/es\/wp-json\/wp\/v2\/types\/product"}],"replies":[{"embeddable":true,"href":"https:\/\/www.liteleds.com\/es\/wp-json\/wp\/v2\/comments?post=4382"}],"wp:featuredmedia":[{"embeddable":true,"href":"https:\/\/www.liteleds.com\/es\/wp-json\/wp\/v2\/media\/4121"}],"wp:attachment":[{"href":"https:\/\/www.liteleds.com\/es\/wp-json\/wp\/v2\/media?parent=4382"}],"wp:term":[{"taxonomy":"product_brand","embeddable":true,"href":"https:\/\/www.liteleds.com\/es\/wp-json\/wp\/v2\/product_brand?post=4382"},{"taxonomy":"product_cat","embeddable":true,"href":"https:\/\/www.liteleds.com\/es\/wp-json\/wp\/v2\/product_cat?post=4382"},{"taxonomy":"product_tag","embeddable":true,"href":"https:\/\/www.liteleds.com\/es\/wp-json\/wp\/v2\/product_tag?post=4382"}],"curies":[{"name":"wp","href":"https:\/\/api.w.org\/{rel}","templated":true}]}}