{"id":4374,"date":"2025-10-01T11:01:14","date_gmt":"2025-10-01T14:01:14","guid":{"rendered":"https:\/\/liteleds.com\/politica-de-privacidad\/"},"modified":"2025-10-01T11:05:35","modified_gmt":"2025-10-01T14:05:35","slug":"politica-de-privacidad","status":"publish","type":"page","link":"https:\/\/www.liteleds.com\/es\/politica-de-privacidad\/","title":{"rendered":"Pol\u00edtica de Privacidad"},"content":{"rendered":"\t\t<div data-elementor-type=\"wp-page\" data-elementor-id=\"4374\" class=\"elementor elementor-4374 elementor-4361\" data-elementor-post-type=\"page\">\n\t\t\t\t<div class=\"elementor-element elementor-element-56d303f e-flex e-con-boxed e-con e-parent\" data-id=\"56d303f\" data-element_type=\"container\">\n\t\t\t\t\t<div class=\"e-con-inner\">\n\t\t\t\t<div class=\"elementor-element elementor-element-ac55865 elementor-widget elementor-widget-heading\" data-id=\"ac55865\" data-element_type=\"widget\" data-widget_type=\"heading.default\">\n\t\t\t\t\t<h1 class=\"elementor-heading-title elementor-size-default\">Pol\u00edtica de Privacidad<\/h1>\t\t\t\t<\/div>\n\t\t\t\t\t<\/div>\n\t\t\t\t<\/div>\n\t\t<div class=\"elementor-element elementor-element-89c22ed e-flex e-con-boxed e-con e-parent\" data-id=\"89c22ed\" data-element_type=\"container\">\n\t\t\t\t\t<div class=\"e-con-inner\">\n\t\t\t\t<div class=\"elementor-element elementor-element-971ae2a elementor-widget elementor-widget-text-editor\" data-id=\"971ae2a\" data-element_type=\"widget\" data-widget_type=\"text-editor.default\">\n\t\t\t\t\t\t\t\t\t<p>Su privacidad es importante para nosotros. Es pol\u00edtica del sitio Liteleds respetar su privacidad en relaci\u00f3n con cualquier informaci\u00f3n suya que podamos recopilar en el sitio <span style=\"color: #0099cc;\"><a style=\"color: #0099cc;\" href=\"\/\">Liteleds<\/a> <\/span>y en otros sitios que poseemos y operamos. <\/p><p>Trabajamos con base en la Ley de Protecci\u00f3n de Datos (13.709\/2018), que garantiza privacidad, confidencialidad, retenci\u00f3n, protecci\u00f3n de los derechos fundamentales de libertad y el libre desarrollo de la personalidad de la persona. Adem\u00e1s, respetamos la Constituci\u00f3n Federal de la Rep\u00fablica Federativa de Brasil, el C\u00f3digo de Defensa del Consumidor (Ley 8.078\/90) y el Marco Civil de Internet (Ley 12.965\/14). <\/p><p>Solicitamos informaci\u00f3n personal \u00fanicamente cuando realmente la necesitamos para proporcionarle un servicio. Lo hacemos de manera justa y legal, con su conocimiento y consentimiento. Tambi\u00e9n informamos por qu\u00e9 estamos recopilando los datos y c\u00f3mo ser\u00e1n utilizados.  <\/p><p>Dejamos claro el motivo por el que estamos recopilando los datos y c\u00f3mo ser\u00e1n utilizados, ya que todo se hace para la correcta administraci\u00f3n general.<\/p><p>Solo retenemos la informaci\u00f3n recopilada durante el tiempo necesario para proporcionar el servicio solicitado. Cuando almacenamos datos, los protegemos mediante medios comercialmente aceptables seg\u00fan la legislaci\u00f3n vigente para evitar p\u00e9rdidas y robos, as\u00ed como el acceso, divulgaci\u00f3n, copia, uso o modificaci\u00f3n no autorizados. <\/p><p>No compartimos informaci\u00f3n de identificaci\u00f3n personal p\u00fablicamente ni con terceros, excepto por orden judicial.<\/p><p>Nuestro sitio puede contener enlaces a sitios externos que no son operados por nosotros. Por lo tanto, no nos responsabilizamos por da\u00f1os causados por terceros. Tenga en cuenta que no tenemos control sobre el contenido y las pr\u00e1cticas de los sitios de terceros y no podemos asumir responsabilidad por sus respectivas pol\u00edticas de privacidad.  <\/p><p>Como consumidor, usted es libre de rechazar nuestra solicitud de informaci\u00f3n personal, entendiendo que es posible que no podamos proporcionarle algunos de los servicios deseados.<\/p><p>El uso continuado de nuestro sitio se considerar\u00e1 como aceptaci\u00f3n de nuestras pr\u00e1cticas respecto a la privacidad y la informaci\u00f3n personal. Si tiene alguna duda sobre c\u00f3mo manejamos los datos de los usuarios y la informaci\u00f3n personal, p\u00f3ngase en contacto con nosotros. <\/p><p>Nuestra pol\u00edtica se actualiza de forma constante.<\/p><p>Se informa, desde ya, al titular de los datos que el contenido de esta Pol\u00edtica de Privacidad puede ser modificado a criterio del sitio Liteleds, independientemente de aviso o notificaci\u00f3n. En caso de cambios, las modificaciones tendr\u00e1n efecto a partir del momento de su publicaci\u00f3n en el sitio. <\/p><p>El sitio Liteleds no se responsabiliza si usted utiliza sus datos de manera incorrecta o falsa, quedando excluido de cualquier responsabilidad en este sentido.<\/p><h2><span style=\"color: #000000;\">Pol\u00edtica de Cookies<\/span><\/h2><h3><span style=\"color: #000000;\">\u00bfQu\u00e9 son las cookies?<\/span><\/h3><p>Como es pr\u00e1ctica com\u00fan en casi todos los sitios web profesionales, este sitio utiliza cookies, que son peque\u00f1os archivos descargados en su computadora, para mejorar su experiencia. Esta p\u00e1gina describe qu\u00e9 informaci\u00f3n recopilan, c\u00f3mo la usamos y por qu\u00e9 a veces necesitamos almacenar estas cookies. Tambi\u00e9n explicamos c\u00f3mo puede impedir que estas cookies se almacenen; sin embargo, esto puede degradar o \u201cromper\u201d ciertos elementos de la funcionalidad del sitio.  <\/p><h3><span style=\"color: #000000;\">\u00bfC\u00f3mo usamos las cookies?<\/span><\/h3><p>Utilizamos cookies por varios motivos, detallados a continuaci\u00f3n. Lamentablemente, en la mayor\u00eda de los casos no existen opciones est\u00e1ndar del sector para desactivar las cookies sin desactivar por completo la funcionalidad y los recursos que estas a\u00f1aden a este sitio. Se recomienda que permita todas las cookies si no est\u00e1 seguro de si las necesita o no, en caso de que se usen para proporcionar un servicio que usted utiliza.  <\/p><h3><span style=\"color: #000000;\">Desactivar cookies<\/span><\/h3><p>Puede impedir la configuraci\u00f3n de cookies ajustando la configuraci\u00f3n de su navegador (consulte la Ayuda del navegador para saber c\u00f3mo hacerlo). Tenga en cuenta que desactivar las cookies afectar\u00e1 la funcionalidad de este y muchos otros sitios que visite. La desactivaci\u00f3n de cookies generalmente resultar\u00e1 en la desactivaci\u00f3n de ciertas funcionalidades y caracter\u00edsticas de este sitio. Por lo tanto, se recomienda no desactivar las cookies.   <\/p><h3><span style=\"color: #000000;\">Cookies que establecemos<\/span><\/h3><ul><li><strong>Cookies relacionados con encuestas<\/strong><p>Peri\u00f3dicamente, ofrecemos encuestas y cuestionarios para proporcionar informaci\u00f3n interesante, herramientas \u00fatiles o para comprender mejor a nuestra base de usuarios. Estas encuestas pueden utilizar cookies para recordar qui\u00e9n ya ha participado en una encuesta o para proporcionar resultados precisos despu\u00e9s de cambiar de p\u00e1gina. <\/p><\/li><li><strong>Cookies relacionados con formularios<\/strong><p>Cuando env\u00eda datos a trav\u00e9s de un formulario, como los que se encuentran en las p\u00e1ginas de contacto o en los formularios de comentarios, las cookies pueden configurarse para recordar los detalles del usuario para futuras comunicaciones.<\/p><\/li><li><strong>Cookies de preferencias del sitio<\/strong><p>Para proporcionar una excelente experiencia en este sitio, ofrecemos la funcionalidad de establecer sus preferencias sobre c\u00f3mo se ejecuta el sitio cuando lo utiliza. Para recordar sus preferencias, necesitamos configurar cookies para que esta informaci\u00f3n pueda ser recuperada cada vez que interact\u00fae con una p\u00e1gina afectada por sus preferencias. <\/p><\/li><\/ul><h3><span style=\"color: #000000;\">Compromiso del Usuario<\/span><\/h3><p>El usuario se compromete a hacer un uso adecuado de los contenidos y la informaci\u00f3n que el sitio Liteleds ofrece, de manera enunciativa pero no limitativa:<\/p><ul><li>A) No participar en actividades que sean ilegales o contrarias a la buena fe y al orden p\u00fablico;<\/li><li>B) Respetar todas las legislaciones nacionales o internacionales de las que Brasil sea signatario;<\/li><li>C) No difundir propaganda o contenido de naturaleza racista, xen\u00f3foba, de casas de apuestas, juegos de azar, cualquier tipo de pornograf\u00eda ilegal, apolog\u00eda del terrorismo o en contra de los derechos humanos;<\/li><li>D) No causar da\u00f1os a los sistemas f\u00edsicos (hardware) y l\u00f3gicos (software) del sitio Liteleds, de sus proveedores o terceros, ni introducir o difundir virus inform\u00e1ticos u otros sistemas de hardware o software que puedan causar los da\u00f1os mencionados anteriormente;<\/li><li>E) Los contenidos publicados poseen derechos de autor y de propiedad intelectual reservados, conforme lo establece la Ley de Derechos de Autor n. 9.610, de 19.2.1998 del Gobierno Federal Brasile\u00f1o y leyes correlativas. Cualquier infracci\u00f3n ser\u00e1 comunicada a las autoridades competentes.  <\/li><\/ul><h2><span style=\"color: #000000;\">Derechos del titular de los datos<\/span><\/h2><p>El titular de datos personales tiene el derecho de solicitar al sitio Liteleds, a trav\u00e9s del canal espec\u00edfico de tratamiento, en cualquier momento y mediante una solicitud formal, informaci\u00f3n relacionada con sus datos.<\/p><p>Las solicitudes ser\u00e1n analizadas conforme lo previsto en la legislaci\u00f3n vigente dentro de un plazo de 72 horas, salvo disposici\u00f3n legal y\/o requisito de otra ley.<\/p><p>Los titulares de datos, seg\u00fan el texto de la LGPD, pueden ejercer sus derechos por medio de:<\/p><ul><li>Confirmaci\u00f3n de la existencia de tratamiento;<\/li><li>Anonimizaci\u00f3n, bloqueo o eliminaci\u00f3n de datos innecesarios, excesivos o tratados en desacuerdo con lo dispuesto en esta Ley;<\/li><li>Informaci\u00f3n de las entidades p\u00fablicas y privadas con las que el responsable realiz\u00f3 uso compartido de datos;<\/li><li>Informaci\u00f3n sobre la posibilidad de no otorgar consentimiento y sobre las consecuencias de la negativa;<\/li><\/ul><h2><span style=\"color: #000000;\">\u00bfC\u00f3mo ejercer sus derechos como titular de datos?<\/span><\/h2><ul><li>Para otras solicitudes relacionadas con los derechos del titular de datos personales, p\u00f3ngase en contacto con nosotros;<\/li><\/ul><h2><span style=\"color: #000000;\">M\u00e1s informaci\u00f3n<\/span><\/h2><p>Esperamos que est\u00e9 claro y, como se mencion\u00f3 anteriormente, si hay algo sobre lo que no est\u00e1 seguro de si lo necesita o no, generalmente es m\u00e1s seguro dejar las cookies activadas, en caso de que interact\u00fae con alguna de las funciones que utiliza en nuestro sitio.<\/p><p>El sitio Liteleds realizar\u00e1 esfuerzos para proteger la informaci\u00f3n y los datos recopilados del usuario en el sitio. No obstante, considerando que no existe un medio de transmisi\u00f3n y almacenamiento de datos electr\u00f3nicos completamente eficaz y seguro, el sitio Liteleds no puede garantizar que terceros no autorizados no logren acceder indebidamente, eximi\u00e9ndose de cualquier responsabilidad por da\u00f1os y perjuicios derivados de la conducta de terceros, ataques externos al sitio como: virus, intrusi\u00f3n en la base de datos, fallos o defectos t\u00e9cnicos, as\u00ed como problemas operativos resultantes del uso del sitio y debido a fallas de conexi\u00f3n. <\/p>\t\t\t\t\t\t\t\t<\/div>\n\t\t\t\t\t<\/div>\n\t\t\t\t<\/div>\n\t\t\t\t<\/div>\n\t\t","protected":false},"excerpt":{"rendered":"<p>Pol\u00edtica de Privacidad Su privacidad es importante para nosotros. Es pol\u00edtica del sitio Liteleds respetar su privacidad en relaci\u00f3n con cualquier informaci\u00f3n suya que podamos recopilar en el sitio Liteleds y en otros sitios que poseemos y operamos. Trabajamos con base en la Ley de Protecci\u00f3n de Datos (13.709\/2018), que garantiza privacidad, confidencialidad, retenci\u00f3n, protecci\u00f3n [&hellip;]<\/p>\n","protected":false},"author":2,"featured_media":0,"parent":0,"menu_order":0,"comment_status":"closed","ping_status":"closed","template":"elementor_header_footer","meta":{"footnotes":""},"class_list":["post-4374","page","type-page","status-publish","hentry"],"_links":{"self":[{"href":"https:\/\/www.liteleds.com\/es\/wp-json\/wp\/v2\/pages\/4374","targetHints":{"allow":["GET"]}}],"collection":[{"href":"https:\/\/www.liteleds.com\/es\/wp-json\/wp\/v2\/pages"}],"about":[{"href":"https:\/\/www.liteleds.com\/es\/wp-json\/wp\/v2\/types\/page"}],"author":[{"embeddable":true,"href":"https:\/\/www.liteleds.com\/es\/wp-json\/wp\/v2\/users\/2"}],"replies":[{"embeddable":true,"href":"https:\/\/www.liteleds.com\/es\/wp-json\/wp\/v2\/comments?post=4374"}],"version-history":[{"count":0,"href":"https:\/\/www.liteleds.com\/es\/wp-json\/wp\/v2\/pages\/4374\/revisions"}],"wp:attachment":[{"href":"https:\/\/www.liteleds.com\/es\/wp-json\/wp\/v2\/media?parent=4374"}],"curies":[{"name":"wp","href":"https:\/\/api.w.org\/{rel}","templated":true}]}}