{"id":4372,"date":"2025-10-01T11:03:07","date_gmt":"2025-10-01T14:03:07","guid":{"rendered":"https:\/\/liteleds.com\/lgpd\/"},"modified":"2025-10-01T11:05:16","modified_gmt":"2025-10-01T14:05:16","slug":"lgpd","status":"publish","type":"page","link":"https:\/\/www.liteleds.com\/es\/lgpd\/","title":{"rendered":"LGPD"},"content":{"rendered":"\t\t<div data-elementor-type=\"wp-page\" data-elementor-id=\"4372\" class=\"elementor elementor-4372 elementor-4367\" data-elementor-post-type=\"page\">\n\t\t\t\t<div class=\"elementor-element elementor-element-5b648e6 e-flex e-con-boxed e-con e-parent\" data-id=\"5b648e6\" data-element_type=\"container\">\n\t\t\t\t\t<div class=\"e-con-inner\">\n\t\t\t\t<div class=\"elementor-element elementor-element-48b4621 elementor-widget elementor-widget-heading\" data-id=\"48b4621\" data-element_type=\"widget\" data-widget_type=\"heading.default\">\n\t\t\t\t\t<h1 class=\"elementor-heading-title elementor-size-default\">Contacto LGPD<\/h1>\t\t\t\t<\/div>\n\t\t\t\t\t<\/div>\n\t\t\t\t<\/div>\n\t\t<div class=\"elementor-element elementor-element-6cf5c2b e-flex e-con-boxed e-con e-parent\" data-id=\"6cf5c2b\" data-element_type=\"container\">\n\t\t\t\t\t<div class=\"e-con-inner\">\n\t\t\t\t<div class=\"elementor-element elementor-element-90b1990 elementor-widget elementor-widget-text-editor\" data-id=\"90b1990\" data-element_type=\"widget\" data-widget_type=\"text-editor.default\">\n\t\t\t\t\t\t\t\t\t<p><span style=\"color: #0099cc;\">\n  <a style=\"color: #0099cc;\" href=\"#formulario\">El formulario de contacto de esta p\u00e1gina<\/a>\n<\/span> est\u00e1 destinado a atender cuestiones relacionadas con la Ley General de Protecci\u00f3n de Datos (LGPD). El titular de datos personales tiene el derecho de solicitar al sitio <a style=\"color: #0099cc;\" href=\"\/\">Liteleds<\/a>, en cualquier momento y mediante una solicitud formal, informaci\u00f3n referente a sus datos. <\/p><p>Las solicitudes ser\u00e1n analizadas conforme lo previsto en la legislaci\u00f3n vigente y, por motivos legales, algunas peticiones pueden no ser atendidas.<\/p><p>Los titulares de datos, seg\u00fan el texto de la LGPD, pueden ejercer sus derechos por medio de:<\/p><ul><li>Confirmaci\u00f3n de la existencia de tratamiento;<\/li><li>Acceso a sus datos personales;<\/li><li>Correcci\u00f3n de datos incompletos, inexactos o desactualizados;<\/li><li>Anonimizaci\u00f3n, bloqueo o eliminaci\u00f3n de datos innecesarios, excesivos o tratados en desacuerdo con lo dispuesto en esta Ley;<\/li><li>Portabilidad de los datos a otro proveedor de servicio o producto, mediante solicitud expresa, de acuerdo con la regulaci\u00f3n de la autoridad nacional, respetando los secretos comercial e industrial;<\/li><li>Eliminaci\u00f3n de los datos personales tratados con el consentimiento del titular;<\/li><li>Informaci\u00f3n de las entidades p\u00fablicas y privadas con las que el responsable realiz\u00f3 uso compartido de datos;<\/li><li>Informaci\u00f3n sobre la posibilidad de no otorgar consentimiento y sobre las consecuencias de la negativa;<\/li><li>Revocaci\u00f3n del consentimiento.<\/li><\/ul>\t\t\t\t\t\t\t\t<\/div>\n\t\t\t\t\t<\/div>\n\t\t\t\t<\/div>\n\t\t<div class=\"elementor-element elementor-element-77180c1 e-flex e-con-boxed e-con e-parent\" data-id=\"77180c1\" data-element_type=\"container\">\n\t\t\t\t\t<div class=\"e-con-inner\">\n\t\t\t\t<div class=\"elementor-element elementor-element-aed4c66 elementor-widget elementor-widget-ucaddon_contact_form_7\" data-id=\"aed4c66\" data-element_type=\"widget\" data-widget_type=\"ucaddon_contact_form_7.default\">\n\t\t\t\t<div class=\"elementor-widget-container\">\n\t\t\t\t\t\n<!-- start Contact Form 7 -->\n<style>\/* widget: Contact Form 7 *\/\n\n#uc_contact_form_7_elementor_aed4c66 {\n  display: flex;  \n  flex-direction: column;\n}\n#uc_contact_form_7_elementor_aed4c66 .wpcf7-list-item {\n    margin: 0 0 0 8px;\n}\n\n#uc_contact_form_7_elementor_aed4c66 .wpcf7-form p:has(.wpcf7-submit){\n  display:flex;\n  flex-wrap: wrap;\n}\n\n#uc_contact_form_7_elementor_aed4c66 .ue_contact_form_7 label{\n  display: block;\n}\n\n#uc_contact_form_7_elementor_aed4c66 .wpcf7-checkbox, #uc_contact_form_7_elementor_aed4c66 .wpcf7-radio{\n  display:flex;\n  flex-wrap: wrap;\n}\n\n#uc_contact_form_7_elementor_aed4c66 .wpcf7-form-control-wrap{\n  display:flex;\n  width:100%;\n  flex-wrap: wrap;\n}\n\n\n\n\n#uc_contact_form_7_elementor_aed4c66 .wpcf7-acceptance .wpcf7-list-item-label{\n  display: flex;\n  align-items: center;\n}\n#uc_contact_form_7_elementor_aed4c66 .wpcf7-acceptance input{\n  position: absolute;\n  opacity: 0;\n}\n#uc_contact_form_7_elementor_aed4c66 .wpcf7-acceptance input + .wpcf7-list-item-label{\n  position: relative;\n  cursor: pointer;\n  padding: 0;\n}\n#uc_contact_form_7_elementor_aed4c66 .wpcf7-acceptance input + .wpcf7-list-item-label:before{\n  flex-shrink: 0;\n  content: \"\";\n  display: inline-block;\n  vertical-align: text-top;\n  transition-duration: 300ms;\n}\n\n#uc_contact_form_7_elementor_aed4c66 .wpcf7-acceptance input:checked + .wpcf7-list-item-label:after {\n  flex-shrink: 0;\n  content: \"\";\n  position: absolute;\n  width:2px;\n  height:2px;\n  background: #ffffff;\n  box-shadow: 2px 0 0 #ffffff, 4px 0 0 #ffffff, 4px -2px 0 #ffffff, 4px -4px 0 #ffffff, 4px -6px 0 #ffffff, 4px -8px 0 #ffffff;\n  transform: rotate(45deg);\n}\n\n.ue_contact_form_7 p > label{\n  line-height: inherit;\n}\n\n<\/style>\n\n<div id=\"uc_contact_form_7_elementor_aed4c66\" class=\"ue_contact_form_7\">\n  <div class=\"ue_form_wrapper\">\n            \n    \n<div class=\"wpcf7 no-js\" id=\"wpcf7-f4739-o1\" lang=\"es-ES\" dir=\"ltr\" data-wpcf7-id=\"4739\">\n<div class=\"screen-reader-response\"><p role=\"status\" aria-live=\"polite\" aria-atomic=\"true\"><\/p> <ul><\/ul><\/div>\n<form action=\"\/es\/wp-json\/wp\/v2\/pages\/4372#wpcf7-f4739-o1\" method=\"post\" class=\"wpcf7-form init\" aria-label=\"Formulario de contacto\" novalidate=\"novalidate\" data-status=\"init\">\n<fieldset class=\"hidden-fields-container\"><input type=\"hidden\" name=\"_wpcf7\" value=\"4739\" \/><input type=\"hidden\" name=\"_wpcf7_version\" value=\"6.1.5\" \/><input type=\"hidden\" name=\"_wpcf7_locale\" value=\"es_ES\" \/><input type=\"hidden\" name=\"_wpcf7_unit_tag\" value=\"wpcf7-f4739-o1\" \/><input type=\"hidden\" name=\"_wpcf7_container_post\" value=\"0\" \/><input type=\"hidden\" name=\"_wpcf7_posted_data_hash\" value=\"\" \/>\n<\/fieldset>\n<div class=\"uacf7-form-wrapper-container uacf7-form-4739  \"><span class=\"wpcf7-form-control-wrap\" data-name=\"nome\"><input size=\"40\" maxlength=\"400\" class=\"wpcf7-form-control wpcf7-text wpcf7-validates-as-required\" aria-required=\"true\" aria-invalid=\"false\" placeholder=\"Nombre*\" value=\"\" type=\"text\" name=\"nome\" \/><\/span> \n\n<span class=\"wpcf7-form-control-wrap\" data-name=\"telefone\"><input size=\"40\" maxlength=\"400\" class=\"wpcf7-form-control wpcf7-tel wpcf7-validates-as-required wpcf7-text wpcf7-validates-as-tel phone\" aria-required=\"true\" aria-invalid=\"false\" placeholder=\"Tel\u00e9fono*\" value=\"\" type=\"tel\" name=\"telefone\" \/><\/span>\n\n<span class=\"wpcf7-form-control-wrap\" data-name=\"email\"><input size=\"40\" maxlength=\"400\" class=\"wpcf7-form-control wpcf7-email wpcf7-validates-as-required wpcf7-text wpcf7-validates-as-email\" aria-required=\"true\" aria-invalid=\"false\" placeholder=\"Correo electr\u00f3nico*\" value=\"\" type=\"email\" name=\"email\" \/><\/span> \n\n<span class=\"wpcf7-form-control-wrap\" data-name=\"mensagem\"><textarea cols=\"40\" rows=\"10\" maxlength=\"2000\" class=\"wpcf7-form-control wpcf7-textarea\" aria-invalid=\"false\" placeholder=\"Mensaje*\" name=\"mensagem\"><\/textarea><\/span> \n\n<input class=\"wpcf7-form-control wpcf7-submit has-spinner\" type=\"submit\" value=\"Enviar\" \/><\/div><div class=\"wpcf7-response-output\" aria-hidden=\"true\"><\/div>\n<\/form>\n<\/div>\n    \n  <\/div>\n<\/div>\n<!-- end Contact Form 7 -->\t\t\t\t<\/div>\n\t\t\t\t<\/div>\n\t\t\t\t\t<\/div>\n\t\t\t\t<\/div>\n\t\t\t\t<\/div>\n\t\t","protected":false},"excerpt":{"rendered":"<p>Contacto LGPD El formulario de contacto de esta p\u00e1gina est\u00e1 destinado a atender cuestiones relacionadas con la Ley General de Protecci\u00f3n de Datos (LGPD). El titular de datos personales tiene el derecho de solicitar al sitio Liteleds, en cualquier momento y mediante una solicitud formal, informaci\u00f3n referente a sus datos. Las solicitudes ser\u00e1n analizadas conforme [&hellip;]<\/p>\n","protected":false},"author":2,"featured_media":0,"parent":0,"menu_order":0,"comment_status":"closed","ping_status":"closed","template":"elementor_header_footer","meta":{"footnotes":""},"class_list":["post-4372","page","type-page","status-publish","hentry"],"_links":{"self":[{"href":"https:\/\/www.liteleds.com\/es\/wp-json\/wp\/v2\/pages\/4372","targetHints":{"allow":["GET"]}}],"collection":[{"href":"https:\/\/www.liteleds.com\/es\/wp-json\/wp\/v2\/pages"}],"about":[{"href":"https:\/\/www.liteleds.com\/es\/wp-json\/wp\/v2\/types\/page"}],"author":[{"embeddable":true,"href":"https:\/\/www.liteleds.com\/es\/wp-json\/wp\/v2\/users\/2"}],"replies":[{"embeddable":true,"href":"https:\/\/www.liteleds.com\/es\/wp-json\/wp\/v2\/comments?post=4372"}],"version-history":[{"count":0,"href":"https:\/\/www.liteleds.com\/es\/wp-json\/wp\/v2\/pages\/4372\/revisions"}],"wp:attachment":[{"href":"https:\/\/www.liteleds.com\/es\/wp-json\/wp\/v2\/media?parent=4372"}],"curies":[{"name":"wp","href":"https:\/\/api.w.org\/{rel}","templated":true}]}}