{"id":2701,"date":"2025-08-08T13:32:52","date_gmt":"2025-08-08T16:32:52","guid":{"rendered":"https:\/\/liteleds.com\/representantes-internacionales\/"},"modified":"2025-10-14T17:52:38","modified_gmt":"2025-10-14T20:52:38","slug":"representantes-internacionales","status":"publish","type":"page","link":"https:\/\/www.liteleds.com\/es\/representantes-internacionales\/","title":{"rendered":"Representantes internacionales"},"content":{"rendered":"\t\t<div data-elementor-type=\"wp-page\" data-elementor-id=\"2701\" class=\"elementor elementor-2701 elementor-341\" data-elementor-post-type=\"page\">\n\t\t\t\t<div class=\"elementor-element elementor-element-d9e75b5 e-flex e-con-boxed e-con e-parent\" data-id=\"d9e75b5\" data-element_type=\"container\" data-settings=\"{&quot;background_background&quot;:&quot;gradient&quot;}\">\n\t\t\t\t\t<div class=\"e-con-inner\">\n\t\t\t\t<div class=\"elementor-element elementor-element-9ff9a39 elementor-widget elementor-widget-heading\" data-id=\"9ff9a39\" data-element_type=\"widget\" data-widget_type=\"heading.default\">\n\t\t\t\t\t<h2 class=\"elementor-heading-title elementor-size-default\">Representantes internacionais<\/h2>\t\t\t\t<\/div>\n\t\t\t\t<div class=\"elementor-element elementor-element-41a4671 elementor-widget elementor-widget-text-editor\" data-id=\"41a4671\" data-element_type=\"widget\" data-widget_type=\"text-editor.default\">\n\t\t\t\t\t\t\t\t\t<p>Gui\u00e1ndote por la Luz<\/p>\t\t\t\t\t\t\t\t<\/div>\n\t\t\t\t\t<\/div>\n\t\t\t\t<\/div>\n\t\t<div class=\"elementor-element elementor-element-b1c5ed3 e-flex e-con-boxed e-con e-parent\" data-id=\"b1c5ed3\" data-element_type=\"container\">\n\t\t\t\t\t<div class=\"e-con-inner\">\n\t\t\t\t<div class=\"elementor-element elementor-element-ceeceef elementor-widget__width-inherit elementor-widget elementor-widget-heading\" data-id=\"ceeceef\" data-element_type=\"widget\" data-widget_type=\"heading.default\">\n\t\t\t\t\t<h2 class=\"elementor-heading-title elementor-size-default\">Conhe\u00e7a nossos representantes internacionais<\/h2>\t\t\t\t<\/div>\n\t\t\t\t<div class=\"elementor-element elementor-element-e58a407 elementor-widget__width-inherit elementor-widget elementor-widget-text-editor\" data-id=\"e58a407\" data-element_type=\"widget\" data-widget_type=\"text-editor.default\">\n\t\t\t\t\t\t\t\t\t<p>Nuestra empresa tiene el privilegio de estar presente en m\u00faltiples lugares del mundo. <br>Estamos comprometidos en llevar la calidad de nuestros productos a todos los rincones.<\/p>\t\t\t\t\t\t\t\t<\/div>\n\t\t<div class=\"elementor-element elementor-element-adb34a3 e-con-full e-flex e-con e-child\" data-id=\"adb34a3\" data-element_type=\"container\">\n\t\t\t\t<div class=\"elementor-element elementor-element-d5ff0a4 elementor-widget elementor-widget-image\" data-id=\"d5ff0a4\" data-element_type=\"widget\" data-widget_type=\"image.default\">\n\t\t\t\t\t\t\t\t\t\t\t\t\t\t\t<img fetchpriority=\"high\" decoding=\"async\" width=\"521\" height=\"664\" src=\"https:\/\/www.liteleds.com\/wp-content\/uploads\/2025\/08\/Group-1597882080-1.jpg\" class=\"attachment-full size-full wp-image-2702\" alt=\"\" srcset=\"https:\/\/www.liteleds.com\/wp-content\/uploads\/2025\/08\/Group-1597882080-1.jpg 521w, https:\/\/www.liteleds.com\/wp-content\/uploads\/2025\/08\/Group-1597882080-1-235x300.jpg 235w\" sizes=\"(max-width: 521px) 100vw, 521px\" \/>\t\t\t\t\t\t\t\t\t\t\t\t\t\t\t<\/div>\n\t\t\t\t<\/div>\n\t\t<div class=\"elementor-element elementor-element-46723c9 e-con-full e-flex e-con e-child\" data-id=\"46723c9\" data-element_type=\"container\" data-settings=\"{&quot;background_background&quot;:&quot;classic&quot;}\">\n\t\t\t\t<div class=\"elementor-element elementor-element-d194d86 elementor-widget__width-inherit elementor-widget elementor-widget-heading\" data-id=\"d194d86\" data-element_type=\"widget\" data-widget_type=\"heading.default\">\n\t\t\t\t\t<h3 class=\"elementor-heading-title elementor-size-default\">SUCURSALES<\/h3>\t\t\t\t<\/div>\n\t\t\t\t<div class=\"elementor-element elementor-element-9e7a4f8 elementor-position-left elementor-widget__width-initial elementor-mobile-position-left elementor-view-default elementor-widget elementor-widget-icon-box\" data-id=\"9e7a4f8\" data-element_type=\"widget\" data-widget_type=\"icon-box.default\">\n\t\t\t\t\t\t\t<div class=\"elementor-icon-box-wrapper\">\n\n\t\t\t\t\t\t<div class=\"elementor-icon-box-icon\">\n\t\t\t\t<span  class=\"elementor-icon\">\n\t\t\t\t<svg aria-hidden=\"true\" class=\"e-font-icon-svg e-fas-circle\" viewBox=\"0 0 512 512\" xmlns=\"http:\/\/www.w3.org\/2000\/svg\"><path d=\"M256 8C119 8 8 119 8 256s111 248 248 248 248-111 248-248S393 8 256 8z\"><\/path><\/svg>\t\t\t\t<\/span>\n\t\t\t<\/div>\n\t\t\t\n\t\t\t\t\t\t<div class=\"elementor-icon-box-content\">\n\n\t\t\t\t\t\t\t\t\t<h3 class=\"elementor-icon-box-title\">\n\t\t\t\t\t\t<span  >\n\t\t\t\t\t\t\t<strong style=\"color: #0099CC;font-weight: 700\">EE.UU.<\/strong><br>Oficina\t\t\t\t\t\t<\/span>\n\t\t\t\t\t<\/h3>\n\t\t\t\t\n\t\t\t\t\t\t\t\t\t<p class=\"elementor-icon-box-description\">\n\t\t\t\t\t\tLiteleds Technology LLC.\u202810925 NW 69th Street, Doral, FL 33178\u2028USA\u2028Tel: +1 (786) 471-7185\t\t\t\t\t<\/p>\n\t\t\t\t\n\t\t\t<\/div>\n\t\t\t\n\t\t<\/div>\n\t\t\t\t\t\t<\/div>\n\t\t\t\t<div class=\"elementor-element elementor-element-ef98ab4 elementor-position-left elementor-widget__width-initial elementor-mobile-position-left elementor-view-default elementor-widget elementor-widget-icon-box\" data-id=\"ef98ab4\" data-element_type=\"widget\" data-widget_type=\"icon-box.default\">\n\t\t\t\t\t\t\t<div class=\"elementor-icon-box-wrapper\">\n\n\t\t\t\t\t\t<div class=\"elementor-icon-box-icon\">\n\t\t\t\t<span  class=\"elementor-icon\">\n\t\t\t\t<svg aria-hidden=\"true\" class=\"e-font-icon-svg e-fas-circle\" viewBox=\"0 0 512 512\" xmlns=\"http:\/\/www.w3.org\/2000\/svg\"><path d=\"M256 8C119 8 8 119 8 256s111 248 248 248 248-111 248-248S393 8 256 8z\"><\/path><\/svg>\t\t\t\t<\/span>\n\t\t\t<\/div>\n\t\t\t\n\t\t\t\t\t\t<div class=\"elementor-icon-box-content\">\n\n\t\t\t\t\t\t\t\t\t<h3 class=\"elementor-icon-box-title\">\n\t\t\t\t\t\t<span  >\n\t\t\t\t\t\t\t<strong style=\"color: #0099CC;font-weight: 700\">Guatemala<\/strong><br>Oficina\t\t\t\t\t\t<\/span>\n\t\t\t\t\t<\/h3>\n\t\t\t\t\n\t\t\t\t\t\t\t\t\t<p class=\"elementor-icon-box-description\">\n\t\t\t\t\t\tTel: +502 5359 6141\nCorreo electr\u00f3nico: vila@vitecorp.com\nDirecci\u00f3n: Edificio 74, 7\u00aa avenida 3-74, zona 9, Ciudad de Guatemala, Guatemala\t\t\t\t\t<\/p>\n\t\t\t\t\n\t\t\t<\/div>\n\t\t\t\n\t\t<\/div>\n\t\t\t\t\t\t<\/div>\n\t\t\t\t<div class=\"elementor-element elementor-element-797d838 elementor-position-left elementor-widget__width-initial elementor-mobile-position-left elementor-view-default elementor-widget elementor-widget-icon-box\" data-id=\"797d838\" data-element_type=\"widget\" data-widget_type=\"icon-box.default\">\n\t\t\t\t\t\t\t<div class=\"elementor-icon-box-wrapper\">\n\n\t\t\t\t\t\t<div class=\"elementor-icon-box-icon\">\n\t\t\t\t<span  class=\"elementor-icon\">\n\t\t\t\t<svg aria-hidden=\"true\" class=\"e-font-icon-svg e-fas-circle\" viewBox=\"0 0 512 512\" xmlns=\"http:\/\/www.w3.org\/2000\/svg\"><path d=\"M256 8C119 8 8 119 8 256s111 248 248 248 248-111 248-248S393 8 256 8z\"><\/path><\/svg>\t\t\t\t<\/span>\n\t\t\t<\/div>\n\t\t\t\n\t\t\t\t\t\t<div class=\"elementor-icon-box-content\">\n\n\t\t\t\t\t\t\t\t\t<h3 class=\"elementor-icon-box-title\">\n\t\t\t\t\t\t<span  >\n\t\t\t\t\t\t\t<strong style=\"color: #0099CC;font-weight: 700\">Rep\u00fablica Domiciana<\/strong><br>Oficina\t\t\t\t\t\t<\/span>\n\t\t\t\t\t<\/h3>\n\t\t\t\t\n\t\t\t\t\t\t\t\t\t<p class=\"elementor-icon-box-description\">\n\t\t\t\t\t\tTel: +809-654-1526\nCorreo electr\u00f3nico: lcastillo@disteca.com<br>Direcci\u00f3n: Francisco Henr\u00edquez y Carvajal No. 289, Villa Consuelo, Santo Domingo, Rep. Dom.\t\t\t\t\t<\/p>\n\t\t\t\t\n\t\t\t<\/div>\n\t\t\t\n\t\t<\/div>\n\t\t\t\t\t\t<\/div>\n\t\t\t\t<\/div>\n\t\t\t\t\t<\/div>\n\t\t\t\t<\/div>\n\t\t\t\t<\/div>\n\t\t","protected":false},"excerpt":{"rendered":"<p>Representantes internacionais Gui\u00e1ndote por la Luz Conhe\u00e7a nossos representantes internacionais Nuestra empresa tiene el privilegio de estar presente en m\u00faltiples lugares del mundo. Estamos comprometidos en llevar la calidad de nuestros productos a todos los rincones. SUCURSALES EE.UU.Oficina Liteleds Technology LLC.\u202810925 NW 69th Street, Doral, FL 33178\u2028USA\u2028Tel: +1 (786) 471-7185 GuatemalaOficina Tel: +502 5359 6141 [&hellip;]<\/p>\n","protected":false},"author":2,"featured_media":0,"parent":0,"menu_order":0,"comment_status":"closed","ping_status":"closed","template":"elementor_header_footer","meta":{"footnotes":""},"class_list":["post-2701","page","type-page","status-publish","hentry"],"_links":{"self":[{"href":"https:\/\/www.liteleds.com\/es\/wp-json\/wp\/v2\/pages\/2701","targetHints":{"allow":["GET"]}}],"collection":[{"href":"https:\/\/www.liteleds.com\/es\/wp-json\/wp\/v2\/pages"}],"about":[{"href":"https:\/\/www.liteleds.com\/es\/wp-json\/wp\/v2\/types\/page"}],"author":[{"embeddable":true,"href":"https:\/\/www.liteleds.com\/es\/wp-json\/wp\/v2\/users\/2"}],"replies":[{"embeddable":true,"href":"https:\/\/www.liteleds.com\/es\/wp-json\/wp\/v2\/comments?post=2701"}],"version-history":[{"count":0,"href":"https:\/\/www.liteleds.com\/es\/wp-json\/wp\/v2\/pages\/2701\/revisions"}],"wp:attachment":[{"href":"https:\/\/www.liteleds.com\/es\/wp-json\/wp\/v2\/media?parent=2701"}],"curies":[{"name":"wp","href":"https:\/\/api.w.org\/{rel}","templated":true}]}}