{"id":2682,"date":"2025-08-11T13:45:02","date_gmt":"2025-08-11T16:45:02","guid":{"rendered":"https:\/\/liteleds.com\/representante-comercial\/"},"modified":"2025-08-25T16:43:36","modified_gmt":"2025-08-25T19:43:36","slug":"representante-comercial","status":"publish","type":"page","link":"https:\/\/www.liteleds.com\/es\/representante-comercial\/","title":{"rendered":"Representante Comercial"},"content":{"rendered":"\t\t<div data-elementor-type=\"wp-page\" data-elementor-id=\"2682\" class=\"elementor elementor-2682 elementor-469\" data-elementor-post-type=\"page\">\n\t\t\t\t<div class=\"elementor-element elementor-element-a04dfe1 e-flex e-con-boxed e-con e-parent\" data-id=\"a04dfe1\" data-element_type=\"container\" data-settings=\"{&quot;background_background&quot;:&quot;gradient&quot;}\">\n\t\t\t\t\t<div class=\"e-con-inner\">\n\t\t\t\t<div class=\"elementor-element elementor-element-ff2bc29 elementor-widget elementor-widget-heading\" data-id=\"ff2bc29\" data-element_type=\"widget\" data-widget_type=\"heading.default\">\n\t\t\t\t\t<h2 class=\"elementor-heading-title elementor-size-default\">Ilumina tu carrera con Liteleds<\/h2>\t\t\t\t<\/div>\n\t\t\t\t<div class=\"elementor-element elementor-element-a159bdf elementor-widget elementor-widget-text-editor\" data-id=\"a159bdf\" data-element_type=\"widget\" data-widget_type=\"text-editor.default\">\n\t\t\t\t\t\t\t\t\t<p>Gui\u00e1ndote por la Luz<\/p>\t\t\t\t\t\t\t\t<\/div>\n\t\t\t\t\t<\/div>\n\t\t\t\t<\/div>\n\t\t<div class=\"elementor-element elementor-element-bb1721c e-flex e-con-boxed e-con e-parent\" data-id=\"bb1721c\" data-element_type=\"container\">\n\t\t\t\t\t<div class=\"e-con-inner\">\n\t\t\t\t<div class=\"elementor-element elementor-element-73a3ac2 elementor-widget__width-inherit elementor-widget elementor-widget-heading\" data-id=\"73a3ac2\" data-element_type=\"widget\" data-widget_type=\"heading.default\">\n\t\t\t\t\t<h2 class=\"elementor-heading-title elementor-size-default\">Sea nuestro Representante Comercial<\/h2>\t\t\t\t<\/div>\n\t\t\t\t<div class=\"elementor-element elementor-element-5f08330 elementor-widget__width-inherit elementor-widget elementor-widget-text-editor\" data-id=\"5f08330\" data-element_type=\"widget\" data-widget_type=\"text-editor.default\">\n\t\t\t\t\t\t\t\t\t<p><strong>Liteleds<\/strong> est\u00e1 en constante crecimiento y busca representantes comerciales aut\u00f3nomos para expandir nuestra presencia en todo Brasil.<br>Si tienes experiencia en ventas t\u00e9cnicas, redes de contactos en el sector p\u00fablico o privado y esp\u00edritu emprendedor,<br>\u00fanete a una marca que valora la innovaci\u00f3n y la eficiencia.<\/p>\t\t\t\t\t\t\t\t<\/div>\n\t\t\t\t<div class=\"elementor-element elementor-element-b5018f6 elementor-widget elementor-widget-ucaddon_contact_form_7\" data-id=\"b5018f6\" data-element_type=\"widget\" data-widget_type=\"ucaddon_contact_form_7.default\">\n\t\t\t\t<div class=\"elementor-widget-container\">\n\t\t\t\t\t\n<!-- start Contact Form 7 -->\n<style>\/* widget: Contact Form 7 *\/\n\n#uc_contact_form_7_elementor_b5018f6 {\n  display: flex;  \n  flex-direction: column;\n}\n#uc_contact_form_7_elementor_b5018f6 .wpcf7-list-item {\n    margin: 0 0 0 8px;\n}\n\n#uc_contact_form_7_elementor_b5018f6 .wpcf7-form p:has(.wpcf7-submit){\n  display:flex;\n  flex-wrap: wrap;\n}\n\n#uc_contact_form_7_elementor_b5018f6 .ue_contact_form_7 label{\n  display: block;\n}\n\n#uc_contact_form_7_elementor_b5018f6 .wpcf7-checkbox, #uc_contact_form_7_elementor_b5018f6 .wpcf7-radio{\n  display:flex;\n  flex-wrap: wrap;\n}\n\n#uc_contact_form_7_elementor_b5018f6 .wpcf7-form-control-wrap{\n  display:flex;\n  width:100%;\n  flex-wrap: wrap;\n}\n\n\n\n\n.ue_contact_form_7 p > label{\n  line-height: inherit;\n}\n\n<\/style>\n\n<div id=\"uc_contact_form_7_elementor_b5018f6\" class=\"ue_contact_form_7\">\n  <div class=\"ue_form_wrapper\">\n            \n    \n<div class=\"wpcf7 no-js\" id=\"wpcf7-f4743-o1\" lang=\"es-ES\" dir=\"ltr\" data-wpcf7-id=\"4743\">\n<div class=\"screen-reader-response\"><p role=\"status\" aria-live=\"polite\" aria-atomic=\"true\"><\/p> <ul><\/ul><\/div>\n<form action=\"\/es\/wp-json\/wp\/v2\/pages\/2682#wpcf7-f4743-o1\" method=\"post\" class=\"wpcf7-form init\" aria-label=\"Formulario de contacto\" enctype=\"multipart\/form-data\" novalidate=\"novalidate\" data-status=\"init\">\n<fieldset class=\"hidden-fields-container\"><input type=\"hidden\" name=\"_wpcf7\" value=\"4743\" \/><input type=\"hidden\" name=\"_wpcf7_version\" value=\"6.1.5\" \/><input type=\"hidden\" name=\"_wpcf7_locale\" value=\"es_ES\" \/><input type=\"hidden\" name=\"_wpcf7_unit_tag\" value=\"wpcf7-f4743-o1\" \/><input type=\"hidden\" name=\"_wpcf7_container_post\" value=\"0\" \/><input type=\"hidden\" name=\"_wpcf7_posted_data_hash\" value=\"\" \/>\n<\/fieldset>\n<div class=\"uacf7-form-wrapper-container uacf7-form-4743  \"><div class=\"uacf7-row\"><div class=\"uacf7-col-6\"> <label> Nombre* <span class=\"wpcf7-form-control-wrap\" data-name=\"nome\"><input size=\"40\" maxlength=\"400\" class=\"wpcf7-form-control wpcf7-text wpcf7-validates-as-required\" aria-required=\"true\" aria-invalid=\"false\" placeholder=\"Ingresa tu nombre\" value=\"\" type=\"text\" name=\"nome\" \/><\/span> <\/label> <\/div><div class=\"uacf7-col-6\"> <label> Apellido* <span class=\"wpcf7-form-control-wrap\" data-name=\"sobrenome\"><input size=\"40\" maxlength=\"400\" class=\"wpcf7-form-control wpcf7-text wpcf7-validates-as-required\" aria-required=\"true\" aria-invalid=\"false\" placeholder=\"Ingresa tu apellido\" value=\"\" type=\"text\" name=\"sobrenome\" \/><\/span> <\/label> <\/div><\/div>\n\n<label>Correo electr\u00f3nico* <span class=\"wpcf7-form-control-wrap\" data-name=\"email\"><input size=\"40\" maxlength=\"400\" class=\"wpcf7-form-control wpcf7-email wpcf7-validates-as-required wpcf7-text wpcf7-validates-as-email\" aria-required=\"true\" aria-invalid=\"false\" placeholder=\"Ingressa tu correo electr\u00f3nico\" value=\"\" type=\"email\" name=\"email\" \/><\/span> <\/label>\n\n<label>Curriculum*\n    <span class=\"wpcf7-form-control-wrap\" data-name=\"curriculo\"><input size=\"40\" class=\"wpcf7-form-control wpcf7-file wpcf7-validates-as-required\" accept=\".pdf,.doc,.docx\" aria-required=\"true\" aria-invalid=\"false\" type=\"file\" name=\"curriculo\" \/><\/span> <\/label>\n\n<label>Tu Mensaje* <span class=\"wpcf7-form-control-wrap\" data-name=\"mensagem\"><input size=\"40\" maxlength=\"400\" class=\"wpcf7-form-control wpcf7-text wpcf7-validates-as-required\" aria-required=\"true\" aria-invalid=\"false\" placeholder=\"Escribe tu mensaje...\" value=\"\" type=\"text\" name=\"mensagem\" \/><\/span> <\/label>\n\n<span style=\"font-size: 14px; line-height: 20px;\">Al enviar este formulario, usted acepta nuestros t\u00e9rminos y condiciones y nuestra Pol\u00edtica de Privacidad, que explica c\u00f3mo podemos recopilar, usar y divulgar su informaci\u00f3n personal, incluso a terceros.<\/span>\n\n<input class=\"wpcf7-form-control wpcf7-submit has-spinner\" type=\"submit\" value=\"ENVIAR CURR\u00cdCULUM\" \/><\/div><div class=\"wpcf7-response-output\" aria-hidden=\"true\"><\/div>\n<\/form>\n<\/div>\n    \n  <\/div>\n<\/div>\n<!-- end Contact Form 7 -->\t\t\t\t<\/div>\n\t\t\t\t<\/div>\n\t\t\t\t<div class=\"elementor-element elementor-element-4df2c7b elementor-widget elementor-widget-button\" data-id=\"4df2c7b\" data-element_type=\"widget\" data-widget_type=\"button.default\">\n\t\t\t\t\t\t\t\t\t\t<a class=\"elementor-button elementor-button-link elementor-size-sm\" href=\"https:\/\/liteleds.com\/es\/representantes\/\" target=\"_blank\" rel=\"noopener\">\n\t\t\t\t\t\t<span class=\"elementor-button-content-wrapper\">\n\t\t\t\t\t\t\t\t\t<span class=\"elementor-button-text\">Representantes<\/span>\n\t\t\t\t\t<\/span>\n\t\t\t\t\t<\/a>\n\t\t\t\t\t\t\t\t<\/div>\n\t\t\t\t\t<\/div>\n\t\t\t\t<\/div>\n\t\t\t\t<\/div>\n\t\t","protected":false},"excerpt":{"rendered":"<p>Ilumina tu carrera con Liteleds Gui\u00e1ndote por la Luz Sea nuestro Representante Comercial Liteleds est\u00e1 en constante crecimiento y busca representantes comerciales aut\u00f3nomos para expandir nuestra presencia en todo Brasil.Si tienes experiencia en ventas t\u00e9cnicas, redes de contactos en el sector p\u00fablico o privado y esp\u00edritu emprendedor,\u00fanete a una marca que valora la innovaci\u00f3n y [&hellip;]<\/p>\n","protected":false},"author":2,"featured_media":0,"parent":0,"menu_order":0,"comment_status":"closed","ping_status":"closed","template":"elementor_header_footer","meta":{"footnotes":""},"class_list":["post-2682","page","type-page","status-publish","hentry"],"_links":{"self":[{"href":"https:\/\/www.liteleds.com\/es\/wp-json\/wp\/v2\/pages\/2682","targetHints":{"allow":["GET"]}}],"collection":[{"href":"https:\/\/www.liteleds.com\/es\/wp-json\/wp\/v2\/pages"}],"about":[{"href":"https:\/\/www.liteleds.com\/es\/wp-json\/wp\/v2\/types\/page"}],"author":[{"embeddable":true,"href":"https:\/\/www.liteleds.com\/es\/wp-json\/wp\/v2\/users\/2"}],"replies":[{"embeddable":true,"href":"https:\/\/www.liteleds.com\/es\/wp-json\/wp\/v2\/comments?post=2682"}],"version-history":[{"count":0,"href":"https:\/\/www.liteleds.com\/es\/wp-json\/wp\/v2\/pages\/2682\/revisions"}],"wp:attachment":[{"href":"https:\/\/www.liteleds.com\/es\/wp-json\/wp\/v2\/media?parent=2682"}],"curies":[{"name":"wp","href":"https:\/\/api.w.org\/{rel}","templated":true}]}}